{"id":8378,"date":"2022-07-25T11:54:10","date_gmt":"2022-07-25T09:54:10","guid":{"rendered":"https:\/\/www.autoclima.com\/dane-przedsiebiorstwa\/"},"modified":"2023-03-10T16:36:10","modified_gmt":"2023-03-10T15:36:10","slug":"dane-przedsiebiorstwa","status":"publish","type":"page","link":"https:\/\/www.autoclima.com\/pl\/dane-przedsiebiorstwa\/","title":{"rendered":"dane przedsi\u0119biorstwa"},"content":{"rendered":"<div class=\"fusion-fullwidth fullwidth-box fusion-builder-row-1 fusion-flex-container nonhundred-percent-fullwidth non-hundred-percent-height-scrolling\" style=\"--awb-border-radius-top-left:0px;--awb-border-radius-top-right:0px;--awb-border-radius-bottom-right:0px;--awb-border-radius-bottom-left:0px;--awb-flex-wrap:wrap;\" ><div class=\"fusion-builder-row fusion-row fusion-flex-align-items-flex-start fusion-flex-content-wrap\" style=\"max-width:1248px;margin-left: calc(-4% \/ 2 );margin-right: calc(-4% \/ 2 );\"><div class=\"fusion-layout-column fusion_builder_column fusion-builder-column-0 fusion_builder_column_1_1 1_1 fusion-flex-column\" style=\"--awb-bg-size:cover;--awb-width-large:100%;--awb-margin-top-large:0px;--awb-spacing-right-large:1.92%;--awb-margin-bottom-large:0px;--awb-spacing-left-large:1.92%;--awb-width-medium:100%;--awb-spacing-right-medium:1.92%;--awb-spacing-left-medium:1.92%;--awb-width-small:100%;--awb-spacing-right-small:1.92%;--awb-spacing-left-small:1.92%;\"><div class=\"fusion-column-wrapper fusion-flex-justify-content-flex-start fusion-content-layout-column\"><div class=\"fusion-text fusion-text-1\" style=\"--awb-text-transform:none;\"><h2 class=\"helveticacondensed_bold blu size22 lh24\">Autoclima Spa a socio unico<\/h2>\n<p>Przedsi\u0119biorstwo podlegaj\u0105ce zarz\u0105dzaniu i koordynacji INDEL B Spa R.I. RN n. IT02037650419<\/p>\n<p><b>Centrala:<\/b><br \/>\nVia Cavalieri di Vittorio Veneto, 15<br \/>\n10020 Cambiano (To) - ITALY<\/p>\n<p>Tel. +39 011 9443210<br \/>\nFax +39 011 9443230<br \/>\n<a class=\"linkblurosso\" href=\"mailto:sales@autoclima.com\"><b>sales@autoclima.com<\/b><\/a><\/p>\n<p>P.IVA IT e CF: 04453960017<br \/>\nKod odbiorcy faktury elektronicznej: <b>A4707H7<\/b><\/p>\n<p>Capitale sociale: \u20ac 2.750.000<br \/>\nN. iscrizione Registro Imprese di Torino: 04453960017<br \/>\nN. iscrizione REA Torino: 634244<\/p>\n<\/div><div class=\"fusion-text fusion-text-2\" style=\"--awb-text-transform:none;\"><p>Korporacyjny kod QR:<\/p>\n<\/div><div class=\"fusion-image-element \" style=\"--awb-max-width:250px;--awb-caption-title-font-family:var(--h2_typography-font-family);--awb-caption-title-font-weight:var(--h2_typography-font-weight);--awb-caption-title-font-style:var(--h2_typography-font-style);--awb-caption-title-size:var(--h2_typography-font-size);--awb-caption-title-transform:var(--h2_typography-text-transform);--awb-caption-title-line-height:var(--h2_typography-line-height);--awb-caption-title-letter-spacing:var(--h2_typography-letter-spacing);\"><span class=\" fusion-imageframe imageframe-none imageframe-1 hover-type-none\" style=\"border:1px solid var(--awb-color4);\"><img decoding=\"async\" width=\"350\" height=\"350\" title=\"QRCode_04453960017\" src=\"https:\/\/www.autoclima.com\/wp-content\/uploads\/QRCode_04453960017-1.gif\" alt class=\"img-responsive wp-image-10238\"\/><\/span><\/div><\/div><\/div><\/div><\/div>\n","protected":false},"excerpt":{"rendered":"","protected":false},"author":1,"featured_media":0,"parent":0,"menu_order":56,"comment_status":"closed","ping_status":"closed","template":"100-width.php","meta":{"footnotes":""},"class_list":["post-8378","page","type-page","status-publish","hentry"],"_links":{"self":[{"href":"https:\/\/www.autoclima.com\/pl\/wp-json\/wp\/v2\/pages\/8378","targetHints":{"allow":["GET"]}}],"collection":[{"href":"https:\/\/www.autoclima.com\/pl\/wp-json\/wp\/v2\/pages"}],"about":[{"href":"https:\/\/www.autoclima.com\/pl\/wp-json\/wp\/v2\/types\/page"}],"author":[{"embeddable":true,"href":"https:\/\/www.autoclima.com\/pl\/wp-json\/wp\/v2\/users\/1"}],"replies":[{"embeddable":true,"href":"https:\/\/www.autoclima.com\/pl\/wp-json\/wp\/v2\/comments?post=8378"}],"version-history":[{"count":7,"href":"https:\/\/www.autoclima.com\/pl\/wp-json\/wp\/v2\/pages\/8378\/revisions"}],"predecessor-version":[{"id":10247,"href":"https:\/\/www.autoclima.com\/pl\/wp-json\/wp\/v2\/pages\/8378\/revisions\/10247"}],"wp:attachment":[{"href":"https:\/\/www.autoclima.com\/pl\/wp-json\/wp\/v2\/media?parent=8378"}],"curies":[{"name":"wp","href":"https:\/\/api.w.org\/{rel}","templated":true}]}}